{"id":1721,"date":"2024-05-09T16:13:45","date_gmt":"2024-05-09T16:13:45","guid":{"rendered":"http:\/\/glabfilms.cl\/?page_id=1721"},"modified":"2025-10-04T02:36:25","modified_gmt":"2025-10-04T02:36:25","slug":"politica-de-sostenibilidad-g%c2%b7lab","status":"publish","type":"page","link":"https:\/\/glabfilms.cl\/?page_id=1721","title":{"rendered":"Pol\u00edtica de Sostenibilidad"},"content":{"rendered":"<p>[vc_row parallax=&#8221;content-moving-fade&#8221; overlay_dotted=&#8221;&#8221;][vc_column text_alignment=&#8221;text-center&#8221;][vc_column_text]<\/p>\n<h1 style=\"text-align: left;\">POL\u00cdTICA\u00a0DE\u00a0SOSTENIBILIDAD<\/h1>\n<p>[\/vc_column_text][\/vc_column][\/vc_row][vc_row][vc_column][vc_column_text]<\/p>\n<p style=\"text-align: left;\">En G\u00b7LAB Media House, somos m\u00e1s que cineastas, somos agentes de cambio. Creemos en el poder del audiovisual para inspirar, educar y transformar, y tambi\u00e9n creemos en la responsabilidad de crear contenido con un impacto positivo en el planeta.<\/p>\n<p>Es por eso que encendemos la llama de la sostenibilidad, comprometi\u00e9ndonos a:<\/p>\n<p><b><\/b>&#8211; Optimizaremos el consumo de energ\u00eda en nuestra oficina y sets de filmaci\u00f3n, utilizando tecnolog\u00edas eficientes y adoptando pr\u00e1cticas responsables.<\/p>\n<p><b><\/b>&#8211; Priorizaremos la adquisici\u00f3n de productos y servicios eco-amigables, apoyando a proveedores que compartan nuestro compromiso con la sostenibilidad.<\/p>\n<p><b><\/b>&#8211; Fomentaremos el uso de medios de transporte ecol\u00f3gicos entre nuestros empleados y colaboradores, reduciendo nuestra huella de carbono en las producciones.<\/p>\n<p><b><\/b>&#8211; Incorporaremos pr\u00e1cticas sostenibles en todas nuestras producciones, desde la preproducci\u00f3n hasta la distribuci\u00f3n, minimizando nuestro impacto ambiental.<\/p>\n<p><b><\/b>&#8211; Educaremos a nuestros empleados y colaboradores sobre la importancia de la sostenibilidad, fomentando una cultura de responsabilidad ambiental.<\/p>\n<p><b><\/b>&#8211; Mediremos y disminuiremos anualmente nuestras emisiones de gases de efecto invernadero.<\/p>\n<p><b><\/b>&#8211; Designaremos recursos humanos para asistir y cumplir con las actividades de HuellaChile a trav\u00e9s de un encargado de nuestra organizaci\u00f3n. <span class=\"Apple-converted-space\">\u00a0<\/span><\/p>\n<p style=\"text-align: left;\">Como representante legal de G\u00b7LAB estoy convencida de que podemos crear un futuro m\u00e1s verde para la industria audiovisual.<\/p>\n<p style=\"text-align: right;\">Mila Ross Rosas,<br \/>\n<em>Socia Fundadora G\u00b7LAB<\/em><\/p>\n<p>[\/vc_column_text][vc_single_image image=&#8221;1558&#8243; alignment=&#8221;right&#8221;][\/vc_column][\/vc_row]<\/p>\n","protected":false},"excerpt":{"rendered":"[vc_row parallax=&#8221;content-moving-fade&#8221; overlay_dotted=&#8221;&#8221;][vc_column text_alignment=&#8221;text-center&#8221;][vc_column_text] POL\u00cdTICA\u00a0DE\u00a0SOSTENIBILIDAD [\/vc_column_text][\/vc_column][\/vc_row][vc_row][vc_column][vc_column_text] En G\u00b7LAB Media House, somos m\u00e1s que cineastas, somos agentes de cambio. Creemos en el poder del audiovisual para inspirar, educar y transformar, y tambi\u00e9n creemos en la responsabilidad de crear contenido con un impacto positivo en el planeta. Es por eso que encendemos la llama de la sostenibilidad,&#8230;","protected":false},"author":1,"featured_media":0,"parent":0,"menu_order":0,"comment_status":"closed","ping_status":"closed","template":"elementor_theme","meta":{"footnotes":""},"_links":{"self":[{"href":"https:\/\/glabfilms.cl\/index.php?rest_route=\/wp\/v2\/pages\/1721"}],"collection":[{"href":"https:\/\/glabfilms.cl\/index.php?rest_route=\/wp\/v2\/pages"}],"about":[{"href":"https:\/\/glabfilms.cl\/index.php?rest_route=\/wp\/v2\/types\/page"}],"author":[{"embeddable":true,"href":"https:\/\/glabfilms.cl\/index.php?rest_route=\/wp\/v2\/users\/1"}],"replies":[{"embeddable":true,"href":"https:\/\/glabfilms.cl\/index.php?rest_route=%2Fwp%2Fv2%2Fcomments&post=1721"}],"version-history":[{"count":8,"href":"https:\/\/glabfilms.cl\/index.php?rest_route=\/wp\/v2\/pages\/1721\/revisions"}],"predecessor-version":[{"id":1815,"href":"https:\/\/glabfilms.cl\/index.php?rest_route=\/wp\/v2\/pages\/1721\/revisions\/1815"}],"wp:attachment":[{"href":"https:\/\/glabfilms.cl\/index.php?rest_route=%2Fwp%2Fv2%2Fmedia&parent=1721"}],"curies":[{"name":"wp","href":"https:\/\/api.w.org\/{rel}","templated":true}]}}